{"id":1363,"date":"2025-08-27T17:36:27","date_gmt":"2025-08-27T15:36:27","guid":{"rendered":"https:\/\/drbearclinic.cz\/contact\/"},"modified":"2026-04-08T17:50:09","modified_gmt":"2026-04-08T15:50:09","slug":"contact","status":"publish","type":"page","link":"https:\/\/drbearclinic.cz\/en\/contact\/","title":{"rendered":"Contact"},"content":{"rendered":"<p>[et_pb_section fb_built=&#8221;1&#8243; admin_label=&#8221;Section&#8221; _builder_version=&#8221;4.27.4&#8243; _module_preset=&#8221;default&#8221; background_color=&#8221;#E4ECE6&#8243; overflow-x=&#8221;hidden&#8221; overflow-y=&#8221;hidden&#8221; global_colors_info=&#8221;{}&#8221;][et_pb_row column_structure=&#8221;2_5,3_5&#8243; custom_padding_last_edited=&#8221;on|phone&#8221; _builder_version=&#8221;4.27.4&#8243; _module_preset=&#8221;default&#8221; custom_padding=&#8221;|80px|||false|false&#8221; custom_padding_tablet=&#8221;|150px|||false|false&#8221; custom_padding_phone=&#8221;|0px|||false|false&#8221; global_colors_info=&#8221;{}&#8221;][et_pb_column type=&#8221;2_5&#8243; module_class=&#8221;image_inline&#8221; _builder_version=&#8221;4.27.4&#8243; _module_preset=&#8221;default&#8221; global_colors_info=&#8221;{}&#8221;][et_pb_text _builder_version=&#8221;4.27.4&#8243; _module_preset=&#8221;default&#8221; header_text_color=&#8221;#A2B9A9&#8243; header_font_size=&#8221;40px&#8221; header_2_text_color=&#8221;#A2B9A9&#8243; header_2_font_size=&#8221;40px&#8221; header_2_line_height=&#8221;1.1em&#8221; header_font_size_tablet=&#8221;40px&#8221; header_font_size_phone=&#8221;36px&#8221; header_font_size_last_edited=&#8221;on|phone&#8221; header_2_font_size_tablet=&#8221;40px&#8221; header_2_font_size_phone=&#8221;34px&#8221; header_2_font_size_last_edited=&#8221;on|desktop&#8221; global_colors_info=&#8221;{}&#8221;]<\/p>\n<h1><span style=\"color: #573b3c;\">Contacts and detailed navigation to<\/span><br \/>the Dr. Bear Clinic<\/h1>\n<p>[\/et_pb_text][et_pb_image src=&#8221;https:\/\/drbearclinic.cz\/wp-content\/uploads\/2025\/08\/Dr.Brear-symbol_silueta.svg&#8221; title_text=&#8221;Dr.Brear-pin&#8221; _builder_version=&#8221;4.27.4&#8243; _module_preset=&#8221;default&#8221; max_width=&#8221;40px&#8221; custom_margin=&#8221;||15px||false|false&#8221; global_colors_info=&#8221;{}&#8221;][\/et_pb_image][et_pb_text _builder_version=&#8221;4.27.6&#8243; _module_preset=&#8221;default&#8221; text_font=&#8221;|700|||||||&#8221; text_line_height=&#8221;1.2em&#8221; header_2_line_height=&#8221;1.1em&#8221; header_4_text_color=&#8221;#a15f5c&#8221; header_4_line_height=&#8221;1.2em&#8221; header_5_font=&#8221;||||||||&#8221; header_5_text_color=&#8221;#a15f5c&#8221; header_5_font_size=&#8221;18px&#8221; custom_margin=&#8221;||50px||false|false&#8221; hover_enabled=&#8221;0&#8243; custom_css_free_form=&#8221;selector h2 { padding-bottom: 18px; }||selector h4 { padding-bottom: 14px; }||selector p { padding-bottom: 30px; }||selector h5 { font-weight: normal; }&#8221; global_colors_info=&#8221;{}&#8221; link_text_color__hover_enabled=&#8221;on|desktop&#8221; link_text_color__hover=&#8221;#573B3C&#8221; sticky_enabled=&#8221;0&#8243;]<\/p>\n<h2>Dr. Bear Clinic<br \/>Nov\u00e9 Butovice<\/h2>\n<h5>Registered company name: Pediatrie Butovice Stod\u016flky s.r.o.<\/h5>\n<h4><a href=\"https:\/\/mapy.com\/s\/ragononupa\" target=\"_blank\" rel=\"noopener\">Business address: Galerie Butovice Shopping Centre, Radlick\u00e1 520\/117, Prague 5<\/a><\/h4>\n<p><a href=\"tel:+420725918155\" class=\"phoneclick\">+420 725 918 155<\/a><br \/><a href=\"mailto:info@drbc.cz\">info@drbc.cz<\/a><br \/>Data Box ID: 8ptuc8v<\/p>\n<p>[\/et_pb_text][et_pb_image src=&#8221;https:\/\/drbearclinic.cz\/wp-content\/uploads\/2025\/08\/maps-Google.svg&#8221; title_text=&#8221;Google&#8221; url=&#8221;https:\/\/maps.app.goo.gl\/kCqMVkGEHkrAQU1r8&#8243; _builder_version=&#8221;4.27.4&#8243; _module_preset=&#8221;default&#8221; max_width=&#8221;39px&#8221; custom_margin=&#8221;|12px|||false|false&#8221; global_colors_info=&#8221;{}&#8221;][\/et_pb_image][et_pb_image src=&#8221;https:\/\/drbearclinic.cz\/wp-content\/uploads\/2025\/08\/maps-Mapy.com_.svg&#8221; title_text=&#8221;Mapy.com&#8221; url=&#8221;https:\/\/mapy.com\/s\/kebepehoze&#8221; _builder_version=&#8221;4.27.4&#8243; _module_preset=&#8221;default&#8221; positioning=&#8221;relative&#8221; vertical_offset=&#8221;-8px&#8221; max_width=&#8221;80px&#8221; custom_margin=&#8221;|15px|||false|false&#8221; custom_padding=&#8221;||||false|false&#8221; global_colors_info=&#8221;{}&#8221;][\/et_pb_image][et_pb_image src=&#8221;https:\/\/drbearclinic.cz\/wp-content\/uploads\/2025\/08\/maps-waze.svg&#8221; title_text=&#8221;Waze&#8221; url=&#8221;https:\/\/waze.com\/ul\/hu2fhwwgxz&#8221; _builder_version=&#8221;4.27.4&#8243; _module_preset=&#8221;default&#8221; width=&#8221;34px&#8221; max_width=&#8221;34px&#8221; custom_margin=&#8221;|16px|||false|false&#8221; global_colors_info=&#8221;{}&#8221;][\/et_pb_image][et_pb_image src=&#8221;https:\/\/drbearclinic.cz\/wp-content\/uploads\/2025\/08\/maps-appleMaps.svg&#8221; title_text=&#8221;Apple Maps&#8221; url=&#8221;https:\/\/maps.apple.com\/place?address=Radlick%C3%A1%20117158%2000%20Praha%205%C4%8Cesko&#038;coordinate=50.047588,14.354283&#038;name=Galerie%20Butovice&#038;place-id=IEA6612C54433C10A&#038;map=explore&#8221; _builder_version=&#8221;4.27.4&#8243; _module_preset=&#8221;default&#8221; max_width=&#8221;35px&#8221; global_colors_info=&#8221;{}&#8221;][\/et_pb_image][\/et_pb_column][et_pb_column type=&#8221;3_5&#8243; _builder_version=&#8221;4.27.4&#8243; _module_preset=&#8221;default&#8221; global_colors_info=&#8221;{}&#8221;][et_pb_image src=&#8221;https:\/\/drbearclinic.cz\/wp-content\/uploads\/2025\/08\/02202-GB-JiriSebek-www.jpg&#8221; title_text=&#8221;Galerie Butovice&#8221; _builder_version=&#8221;4.27.4&#8243; _module_preset=&#8221;default&#8221; custom_margin=&#8221;90px||||false|false&#8221; custom_margin_tablet=&#8221;0px||||false|false&#8221; custom_margin_phone=&#8221;0px||||false|false&#8221; custom_margin_last_edited=&#8221;on|tablet&#8221; custom_css_free_form=&#8221;selector.et_pb_image {||  mask-image: url(%22data:image\/svg+xml;base64,PD94bWwgdmVyc2lvbj0iMS4wIiBlbmNvZGluZz0iVVRGLTgiPz4KPHN2ZyBpZD0iVnJzdHZhXzEiIHhtbG5zPSJodHRwOi8vd3d3LnczLm9yZy8yMDAwL3N2ZyIgd2lkdGg9Ijg1MCIgaGVpZ2h0PSI3MDAiIHZlcnNpb249IjEuMSIgdmlld0JveD0iMCAwIDg1MCA3MDAiPgogIDwhLS0gR2VuZXJhdG9yOiBBZG9iZSBJbGx1c3RyYXRvciAyOS4zLjEsIFNWRyBFeHBvcnQgUGx1Zy1JbiAuIFNWRyBWZXJzaW9uOiAyLjEuMCBCdWlsZCAxNTEpICAtLT4KICA8ZGVmcz4KICAgIDxzdHlsZT4KICAgICAgLnN0MCB7CiAgICAgICAgZmlsbDogYXF1YTsKICAgICAgfQogICAgPC9zdHlsZT4KICA8L2RlZnM+CiAgPHBhdGggY2xhc3M9InN0MCIgZD0iTTczOS41OSwwQzgwMC43NCwwLDg1MC4zMiw1MC42Myw4NTAuMzIsMTEzLjA5YzAsNDAuMDctMjAuNDYsNzUuMTgtNTEuMjQsOTUuMjcsMTkuMDksNDMuMTksMjkuOCw5MS4wNywyOS44LDE0MS41MywwLC4wNCwwLC4wOCwwLC4xMXMwLC4wOCwwLC4xMWMwLDUwLjQ2LTEwLjcxLDk4LjM0LTI5LjgsMTQxLjUzLDMwLjc4LDIwLjA5LDUxLjI0LDU1LjIsNTEuMjQsOTUuMjcsMCw2Mi40Ni00OS41OCwxMTMuMDktMTEwLjczLDExMy4wOS0zNi41NSwwLTY4Ljg2LTE4LjE2LTg5LjAzLTQ2LjA0LTQ3LjM4LDI1LjkxLTEwMS40OSw0MC42NC0xNTguOTksNDAuNjQtMTg2LjMsMC0zODkuNDktMjQwLjU1LTQ4OS43LTM0Mi44OS0uNTUtLjU2LTEuMDEtMS4xNC0xLjU0LTEuNzFoMCwwYy41My0uNTcuOTktMS4xNCwxLjU0LTEuNzFDMTAyLjA4LDI0NS45NiwzMDUuMjcsNS40LDQ5MS41Nyw1LjRjNTcuNSwwLDExMS42MiwxNC43MywxNTguOTksNDAuNjRDNjcwLjczLDE4LjE2LDcwMy4wNCwwLDczOS41OSwwIi8+Cjwvc3ZnPg==%22);||  -webkit-mask-image: url(%22data:image\/svg+xml;base64,PD94bWwgdmVyc2lvbj0iMS4wIiBlbmNvZGluZz0iVVRGLTgiPz4KPHN2ZyBpZD0iVnJzdHZhXzEiIHhtbG5zPSJodHRwOi8vd3d3LnczLm9yZy8yMDAwL3N2ZyIgd2lkdGg9Ijg1MCIgaGVpZ2h0PSI3MDAiIHZlcnNpb249IjEuMSIgdmlld0JveD0iMCAwIDg1MCA3MDAiPgogIDwhLS0gR2VuZXJhdG9yOiBBZG9iZSBJbGx1c3RyYXRvciAyOS4zLjEsIFNWRyBFeHBvcnQgUGx1Zy1JbiAuIFNWRyBWZXJzaW9uOiAyLjEuMCBCdWlsZCAxNTEpICAtLT4KICA8ZGVmcz4KICAgIDxzdHlsZT4KICAgICAgLnN0MCB7CiAgICAgICAgZmlsbDogYXF1YTsKICAgICAgfQogICAgPC9zdHlsZT4KICA8L2RlZnM+CiAgPHBhdGggY2xhc3M9InN0MCIgZD0iTTczOS41OSwwQzgwMC43NCwwLDg1MC4zMiw1MC42Myw4NTAuMzIsMTEzLjA5YzAsNDAuMDctMjAuNDYsNzUuMTgtNTEuMjQsOTUuMjcsMTkuMDksNDMuMTksMjkuOCw5MS4wNywyOS44LDE0MS41MywwLC4wNCwwLC4wOCwwLC4xMXMwLC4wOCwwLC4xMWMwLDUwLjQ2LTEwLjcxLDk4LjM0LTI5LjgsMTQxLjUzLDMwLjc4LDIwLjA5LDUxLjI0LDU1LjIsNTEuMjQsOTUuMjcsMCw2Mi40Ni00OS41OCwxMTMuMDktMTEwLjczLDExMy4wOS0zNi41NSwwLTY4Ljg2LTE4LjE2LTg5LjAzLTQ2LjA0LTQ3LjM4LDI1LjkxLTEwMS40OSw0MC42NC0xNTguOTksNDAuNjQtMTg2LjMsMC0zODkuNDktMjQwLjU1LTQ4OS43LTM0Mi44OS0uNTUtLjU2LTEuMDEtMS4xNC0xLjU0LTEuNzFoMCwwYy41My0uNTcuOTktMS4xNCwxLjU0LTEuNzFDMTAyLjA4LDI0NS45NiwzMDUuMjcsNS40LDQ5MS41Nyw1LjRjNTcuNSwwLDExMS42MiwxNC43MywxNTguOTksNDAuNjRDNjcwLjczLDE4LjE2LDcwMy4wNCwwLDczOS41OSwwIi8+Cjwvc3ZnPg==%22);||||  mask-size: contain;||  mask-repeat: no-repeat;||  mask-position: center;||  ||  -webkit-mask-size: contain;||  -webkit-mask-repeat: no-repeat;||  -webkit-mask-position: center;||}&#8221; global_colors_info=&#8221;{}&#8221;][\/et_pb_image][\/et_pb_column][\/et_pb_row][et_pb_row _builder_version=&#8221;4.27.4&#8243; _module_preset=&#8221;default&#8221; custom_padding=&#8221;0px||0px||true|false&#8221; global_colors_info=&#8221;{}&#8221;][et_pb_column type=&#8221;4_4&#8243; _builder_version=&#8221;4.27.4&#8243; _module_preset=&#8221;default&#8221; global_colors_info=&#8221;{}&#8221;][et_pb_code _builder_version=&#8221;4.27.4&#8243; _module_preset=&#8221;default&#8221; global_colors_info=&#8221;{}&#8221;]<iframe src=\"https:\/\/www.google.com\/maps\/embed?pb=!1m18!1m12!1m3!1d5124.156546335084!2d14.353392017528403!3d50.047365000000006!2m3!1f0!2f0!3f0!3m2!1i1024!2i768!4f13.1!3m3!1m2!1s0x470b95b2039a70ad%3A0xc75554c56daff720!2sDr.%20Bear%20Clinic%20Nov%C3%A9%20Butovice!5e0!3m2!1scs!2scz!4v1756309848544!5m2!1scs!2scz\" width=\"100%\" height=\"400\" style=\"border:0;\" allowfullscreen=\"\" loading=\"lazy\" referrerpolicy=\"no-referrer-when-downgrade\"><\/iframe>[\/et_pb_code][\/et_pb_column][\/et_pb_row][\/et_pb_section][et_pb_section fb_built=&#8221;1&#8243; _builder_version=&#8221;4.27.4&#8243; _module_preset=&#8221;default&#8221; background_color=&#8221;#E4ECE6&#8243; custom_padding=&#8221;0px||20px||false|false&#8221; global_colors_info=&#8221;{}&#8221;][et_pb_row _builder_version=&#8221;4.27.4&#8243; _module_preset=&#8221;default&#8221; width=&#8221;100%&#8221; max_width=&#8221;100%&#8221; custom_padding=&#8221;0px||||false|false&#8221; global_colors_info=&#8221;{}&#8221;][et_pb_column type=&#8221;4_4&#8243; _builder_version=&#8221;4.27.4&#8243; _module_preset=&#8221;default&#8221; global_colors_info=&#8221;{}&#8221;][et_pb_image src=&#8221;https:\/\/drbearclinic.cz\/wp-content\/uploads\/2025\/08\/Dr.Brear-symbol.svg&#8221; title_text=&#8221;Dr.Brear-symbol&#8221; _builder_version=&#8221;4.27.4&#8243; _module_preset=&#8221;default&#8221; transform_rotate=&#8221;0deg|0deg|330deg&#8221; positioning=&#8221;absolute&#8221; position_origin_a=&#8221;top_right&#8221; vertical_offset=&#8221;40px&#8221; horizontal_offset=&#8221;-70px&#8221; width=&#8221;100%&#8221; max_width=&#8221;200px&#8221; animation_style=&#8221;slide&#8221; animation_direction=&#8221;right&#8221; global_colors_info=&#8221;{}&#8221;][\/et_pb_image][\/et_pb_column][\/et_pb_row][et_pb_row column_structure=&#8221;3_4,1_4&#8243; _builder_version=&#8221;4.27.4&#8243; _module_preset=&#8221;default&#8221; custom_padding=&#8221;20px||0px||false|false&#8221; border_width_top=&#8221;3px&#8221; border_color_top=&#8221;#573B3C&#8221; global_colors_info=&#8221;{}&#8221;][et_pb_column type=&#8221;3_4&#8243; module_class=&#8221;buttons-inline&#8221; _builder_version=&#8221;4.27.4&#8243; _module_preset=&#8221;default&#8221; global_colors_info=&#8221;{}&#8221;][et_pb_text _builder_version=&#8221;4.27.4&#8243; _module_preset=&#8221;default&#8221; header_2_text_color=&#8221;#A2B9A9&#8243; header_2_font_size=&#8221;40px&#8221; header_2_line_height=&#8221;1.1em&#8221; header_2_font_size_tablet=&#8221;40px&#8221; header_2_font_size_phone=&#8221;34px&#8221; header_2_font_size_last_edited=&#8221;on|desktop&#8221; global_colors_info=&#8221;{}&#8221;]<\/p>\n<h2><span style=\"color: #573b3c;\">How to get to the<\/span><br \/>Dr. Bear Clinic?<\/h2>\n<p>[\/et_pb_text][\/et_pb_column][et_pb_column type=&#8221;1_4&#8243; module_class=&#8221;buttons-inline&#8221; _builder_version=&#8221;4.27.4&#8243; _module_preset=&#8221;default&#8221; global_colors_info=&#8221;{}&#8221;][\/et_pb_column][\/et_pb_row][et_pb_row column_structure=&#8221;1_2,1_2&#8243; _builder_version=&#8221;4.27.4&#8243; _module_preset=&#8221;default&#8221; global_colors_info=&#8221;{}&#8221;][et_pb_column type=&#8221;1_2&#8243; _builder_version=&#8221;4.27.4&#8243; _module_preset=&#8221;default&#8221; global_colors_info=&#8221;{}&#8221;][et_pb_image src=&#8221;https:\/\/drbearclinic.cz\/wp-content\/uploads\/2025\/08\/Dr.Bear-pict-autem.svg&#8221; title_text=&#8221;by car&#8221; module_id=&#8221;bycar&#8221; _builder_version=&#8221;4.27.6&#8243; _module_preset=&#8221;default&#8221; max_height=&#8221;60px&#8221; custom_margin=&#8221;10px||20px||false|false&#8221; global_colors_info=&#8221;{}&#8221;][\/et_pb_image][et_pb_text _builder_version=&#8221;4.27.4&#8243; _module_preset=&#8221;default&#8221; global_colors_info=&#8221;{}&#8221;]<\/p>\n<h3>By car<\/h3>\n<p>You can park in any of the Galerie Butovice Shopping Centre car parks or use the underground parking garage.<\/p>\n<p><strong>Mon \u2013 Fri: 2 hours of free parking<\/strong><br \/><strong>Sat \u2013 Sun: 4 hours of free parking<\/strong><\/p>\n<p>Each additional hour or part thereof: CZK 60\/hr including VAT.<br \/>Extend your parking by one hour for FREE with the <a href=\"https:\/\/www.galerie-butovice.cz\/vernostni-program\" target=\"_blank\" rel=\"noopener\">Moje Galerie Butovice app<\/a>. <\/p>\n<p>[\/et_pb_text][\/et_pb_column][et_pb_column type=&#8221;1_2&#8243; _builder_version=&#8221;4.27.4&#8243; _module_preset=&#8221;default&#8221; global_colors_info=&#8221;{}&#8221;][et_pb_image src=&#8221;https:\/\/drbearclinic.cz\/wp-content\/uploads\/2025\/08\/Dr.Bear-pict-autobusem.svg&#8221; title_text=&#8221;by bus&#8221; module_id=&#8221;bybus&#8221; _builder_version=&#8221;4.27.6&#8243; _module_preset=&#8221;default&#8221; max_height=&#8221;70px&#8221; custom_margin=&#8221;||20px||false|false&#8221; global_colors_info=&#8221;{}&#8221;][\/et_pb_image][et_pb_text _builder_version=&#8221;4.27.4&#8243; _module_preset=&#8221;default&#8221; global_colors_info=&#8221;{}&#8221;]<\/p>\n<h3>By bus <span style=\"font-weight: normal;\">to Nov\u00e9 Butovice stop<\/span><\/h3>\n<p><strong>137<\/strong> Mal\u00e1 Ohrada | Na Kn\u00ed\u017eec\u00ed<br \/><strong>142<\/strong> Velk\u00e1 Ohrada<br \/><strong>149<\/strong> Stod\u016flky \u2013 Bavorsk\u00e1 | Dejvick\u00e1<br \/><strong>168<\/strong> B\u00edl\u00e1 Hora<br \/><strong>184<\/strong> Vypich | Velk\u00e1 Ohrada<br \/><strong>394<\/strong> Kr\u00e1l\u016fv Dv\u016fr, Po\u010daply; Zdice, n\u00e1m.<br \/><strong>904<\/strong> S\u00eddli\u0161t\u011b \u0158epy<\/p>\n<p>The layout of the stops at the Nov\u00e9 Butovice transport hub <a href=\"https:\/\/pid.cz\/wp-content\/uploads\/mapy\/uzly-praha\/Nove_Butovice.pdf\" target=\"_blank\" rel=\"noopener\">can be found here<\/a>.<\/p>\n<p>[\/et_pb_text][\/et_pb_column][\/et_pb_row][et_pb_row column_structure=&#8221;1_2,1_2&#8243; _builder_version=&#8221;4.27.4&#8243; _module_preset=&#8221;default&#8221; global_colors_info=&#8221;{}&#8221;][et_pb_column type=&#8221;1_2&#8243; _builder_version=&#8221;4.27.4&#8243; _module_preset=&#8221;default&#8221; global_colors_info=&#8221;{}&#8221;][et_pb_image src=&#8221;https:\/\/drbearclinic.cz\/wp-content\/uploads\/2025\/08\/Dr.Bear-pict-metrem.svg&#8221; title_text=&#8221;by metro&#8221; module_id=&#8221;metrem&#8221; _builder_version=&#8221;4.27.4&#8243; _module_preset=&#8221;default&#8221; max_height=&#8221;100px&#8221; custom_margin=&#8221;||20px||false|false&#8221; global_colors_info=&#8221;{}&#8221;][\/et_pb_image][et_pb_text _builder_version=&#8221;4.27.4&#8243; _module_preset=&#8221;default&#8221; global_colors_info=&#8221;{}&#8221;]<\/p>\n<h3>By <span style=\"font-weight: normal;\">Yellow<\/span> metro<br \/><span style=\"font-weight: normal;\">(Line B) to Nov\u00e9 Butovice station<\/span><\/h3>\n<p>Take a Line B train originating in Zli\u010d\u00edn or \u010cern\u00fd Most to Nov\u00e9 Butovice station. To exit to the surface, use <strong>exit E1<\/strong> to reach the area in front of the Coral Office Park administrative complex. <\/p>\n<p>[\/et_pb_text][et_pb_image src=&#8221;https:\/\/drbearclinic.cz\/wp-content\/uploads\/2025\/08\/Dr.Bear-pict-pesky.svg&#8221; title_text=&#8221;on foot&#8221; module_id=&#8221;onfoot&#8221; _builder_version=&#8221;4.27.6&#8243; _module_preset=&#8221;default&#8221; max_height=&#8221;64px&#8221; custom_margin=&#8221;60px||20px||false|false&#8221; global_colors_info=&#8221;{}&#8221;][\/et_pb_image][et_pb_text _builder_version=&#8221;4.27.4&#8243; _module_preset=&#8221;default&#8221; global_colors_info=&#8221;{}&#8221;]<\/p>\n<h3>On foot<\/h3>\n<p><strong>From the Nov\u00e9 Butovice transport hub stops<\/strong>, if you don&#8217;t mind stairs, continue south across the grounds of the Coral Office Park administrative complex. At the southernmost point of the administrative complex, between buildings A and B, you will find stairs leading down to a pavement. This path will take you through the underpasses under \u0158eporyjsk\u00e1 and Radlick\u00e1 streets to the shopping centre car park in front of the main entrance to Galerie Butovice.<\/p>\n<p>[\/et_pb_text][\/et_pb_column][et_pb_column type=&#8221;1_2&#8243; _builder_version=&#8221;4.27.4&#8243; _module_preset=&#8221;default&#8221; global_colors_info=&#8221;{}&#8221;][et_pb_image src=&#8221;https:\/\/drbearclinic.cz\/wp-content\/uploads\/2025\/08\/Dr.Bear-pict-kocarkem.svg&#8221; title_text=&#8221;with a stroller&#8221; module_id=&#8221;kocarkem&#8221; _builder_version=&#8221;4.27.4&#8243; _module_preset=&#8221;default&#8221; max_height=&#8221;75px&#8221; custom_margin=&#8221;25px||20px||false|false&#8221; custom_margin_tablet=&#8221;0px||||false|false&#8221; custom_margin_phone=&#8221;0px||||false|false&#8221; custom_margin_last_edited=&#8221;on|tablet&#8221; global_colors_info=&#8221;{}&#8221;][\/et_pb_image][et_pb_text _builder_version=&#8221;4.27.4&#8243; _module_preset=&#8221;default&#8221; global_colors_info=&#8221;{}&#8221;]<\/p>\n<h3>With a stroller<\/h3>\n<p>With a stroller from the metro, <strong>from Nov\u00e9 Butovice station<\/strong> (use exit E1), continue across the grounds of the Coral Office Park administrative complex towards the right (southwest) to the main street, Bucharova. Walk through the grounds of the Coral Office Park administrative complex. Between the main road, Bucharova, and the Coral Office Park buildings is a pavement that will lead you downhill. Once you reach the bottom of the hill, turn left and then right through the underpasses under \u0158eporyjsk\u00e1 and Radlick\u00e1 streets to the shopping centre car park in front of the main entrance to Galerie Butovice.<\/p>\n<p>[\/et_pb_text][\/et_pb_column][\/et_pb_row][\/et_pb_section][et_pb_section fb_built=&#8221;1&#8243; _builder_version=&#8221;4.27.4&#8243; _module_preset=&#8221;default&#8221; background_color=&#8221;#E4ECE6&#8243; custom_padding=&#8221;||0px||false|false&#8221; global_colors_info=&#8221;{}&#8221;][et_pb_row column_structure=&#8221;3_4,1_4&#8243; disabled_on=&#8221;on|on|on&#8221; _builder_version=&#8221;4.27.5&#8243; _module_preset=&#8221;default&#8221; custom_padding=&#8221;20px||0px||false|false&#8221; border_width_top=&#8221;3px&#8221; border_color_top=&#8221;#573B3C&#8221; disabled=&#8221;on&#8221; global_colors_info=&#8221;{}&#8221;][et_pb_column type=&#8221;3_4&#8243; module_class=&#8221;buttons-inline&#8221; _builder_version=&#8221;4.27.4&#8243; _module_preset=&#8221;default&#8221; global_colors_info=&#8221;{}&#8221;][et_pb_text module_id=&#8221;kde-najdu&#8221; _builder_version=&#8221;4.27.4&#8243; _module_preset=&#8221;default&#8221; header_2_text_color=&#8221;#A2B9A9&#8243; header_2_font_size=&#8221;40px&#8221; header_2_line_height=&#8221;1.1em&#8221; header_2_font_size_tablet=&#8221;40px&#8221; header_2_font_size_phone=&#8221;34px&#8221; header_2_font_size_last_edited=&#8221;on|desktop&#8221; global_colors_info=&#8221;{}&#8221;]<\/p>\n<h2><span style=\"color: #573b3c;\">Where in Galerie Butovice can I find the<\/span><br \/>Dr. Bear Clinic?<\/h2>\n<p>[\/et_pb_text][\/et_pb_column][et_pb_column type=&#8221;1_4&#8243; module_class=&#8221;buttons-inline&#8221; _builder_version=&#8221;4.27.4&#8243; _module_preset=&#8221;default&#8221; global_colors_info=&#8221;{}&#8221;][\/et_pb_column][\/et_pb_row][et_pb_row column_structure=&#8221;1_2,1_2&#8243; disabled_on=&#8221;on|on|on&#8221; _builder_version=&#8221;4.27.5&#8243; _module_preset=&#8221;default&#8221; custom_padding=&#8221;||60px||false|false&#8221; disabled=&#8221;on&#8221; global_colors_info=&#8221;{}&#8221;][et_pb_column type=&#8221;1_2&#8243; _builder_version=&#8221;4.27.4&#8243; _module_preset=&#8221;default&#8221; global_colors_info=&#8221;{}&#8221;][et_pb_video src=&#8221;https:\/\/youtu.be\/IgvdunKS_jg&#8221; _builder_version=&#8221;4.27.4&#8243; _module_preset=&#8221;default&#8221; global_colors_info=&#8221;{}&#8221;][\/et_pb_video][\/et_pb_column][et_pb_column type=&#8221;1_2&#8243; _builder_version=&#8221;4.27.4&#8243; _module_preset=&#8221;default&#8221; global_colors_info=&#8221;{}&#8221;][et_pb_text _builder_version=&#8221;4.27.4&#8243; _module_preset=&#8221;default&#8221; global_colors_info=&#8221;{}&#8221;]<\/p>\n<p>The <strong>Dr. Bear Clinic <\/strong>is located on the first floor of Galerie Butovice. After entering through the main entrance, take the escalator on the left to the 1st floor, or use the elevator opposite the main entrance. After exiting the escalator, continue straight ahead. If you took the elevator, turn right and continue straight down the hallway to the outpatient clinic.<\/p>\n<p>The outpatient clinic is located near the entrance to Butky Park, opposite the children&#8217;s hair salon.<\/p>\n<p>[\/et_pb_text][\/et_pb_column][\/et_pb_row][et_pb_row disabled_on=&#8221;on|on|on&#8221; _builder_version=&#8221;4.27.5&#8243; _module_preset=&#8221;default&#8221; background_color=&#8221;#FFF6F0&#8243; width=&#8221;100%&#8221; max_width=&#8221;100%&#8221; custom_padding=&#8221;40px||40px||true|false&#8221; disabled=&#8221;on&#8221; locked=&#8221;off&#8221; global_colors_info=&#8221;{}&#8221;][et_pb_column type=&#8221;4_4&#8243; _builder_version=&#8221;4.27.4&#8243; _module_preset=&#8221;default&#8221; global_colors_info=&#8221;{}&#8221;][et_pb_button button_url=&#8221;@ET-DC@eyJkeW5hbWljIjp0cnVlLCJjb250ZW50IjoicG9zdF9saW5rX3VybF9wYWdlIiwic2V0dGluZ3MiOnsicG9zdF9pZCI6Ijg1MyIsImVuYWJsZV9odG1sIjoib2ZmIn19@&#8221; button_text=&#8221;Dr. Bear Clinic care programmes&#8221; button_alignment=&#8221;center&#8221; _builder_version=&#8221;4.27.4&#8243; _dynamic_attributes=&#8221;button_url&#8221; _module_preset=&#8221;default&#8221; custom_button=&#8221;on&#8221; button_text_size=&#8221;16px&#8221; button_text_color=&#8221;#FFFFFF&#8221; button_bg_color=&#8221;#a07750&#8243; button_font=&#8221;|||on|||||&#8221; button_use_icon=&#8221;off&#8221; custom_padding=&#8221;8px|40px|8px|40px|true|true&#8221; locked=&#8221;off&#8221; global_colors_info=&#8221;{}&#8221; button_bg_color__hover_enabled=&#8221;on|desktop&#8221; button_bg_color__hover=&#8221;#573B3C&#8221; button_bg_enable_color__hover=&#8221;on&#8221;][\/et_pb_button][\/et_pb_column][\/et_pb_row][\/et_pb_section]<\/p>\n","protected":false},"excerpt":{"rendered":"<p>Contacts and detailed navigation tothe Dr. Bear ClinicDr. Bear ClinicNov\u00e9 Butovice Registered company name: Pediatrie Butovice Stod\u016flky s.r.o. Business address: Galerie Butovice Shopping Centre, Radlick\u00e1 520\/117, Prague 5 +420 725 918 155info@drbc.czData Box ID: 8ptuc8vHow to get to theDr. Bear Clinic?By car You can park in any of the Galerie Butovice Shopping Centre car parks [&hellip;]<\/p>\n","protected":false},"author":1,"featured_media":0,"parent":0,"menu_order":0,"comment_status":"closed","ping_status":"closed","template":"","meta":{"_et_pb_use_builder":"on","_et_pb_old_content":"","_et_gb_content_width":"","footnotes":""},"class_list":["post-1363","page","type-page","status-publish","hentry"],"_links":{"self":[{"href":"https:\/\/drbearclinic.cz\/en\/wp-json\/wp\/v2\/pages\/1363","targetHints":{"allow":["GET"]}}],"collection":[{"href":"https:\/\/drbearclinic.cz\/en\/wp-json\/wp\/v2\/pages"}],"about":[{"href":"https:\/\/drbearclinic.cz\/en\/wp-json\/wp\/v2\/types\/page"}],"author":[{"embeddable":true,"href":"https:\/\/drbearclinic.cz\/en\/wp-json\/wp\/v2\/users\/1"}],"replies":[{"embeddable":true,"href":"https:\/\/drbearclinic.cz\/en\/wp-json\/wp\/v2\/comments?post=1363"}],"version-history":[{"count":23,"href":"https:\/\/drbearclinic.cz\/en\/wp-json\/wp\/v2\/pages\/1363\/revisions"}],"predecessor-version":[{"id":1787,"href":"https:\/\/drbearclinic.cz\/en\/wp-json\/wp\/v2\/pages\/1363\/revisions\/1787"}],"wp:attachment":[{"href":"https:\/\/drbearclinic.cz\/en\/wp-json\/wp\/v2\/media?parent=1363"}],"curies":[{"name":"wp","href":"https:\/\/api.w.org\/{rel}","templated":true}]}}